{"id":16,"date":"2025-05-23T00:03:52","date_gmt":"2025-05-23T00:03:52","guid":{"rendered":"https:\/\/lfr.xem.mybluehost.me\/website_dbca461f\/?page_id=16"},"modified":"2025-05-29T23:37:54","modified_gmt":"2025-05-29T23:37:54","slug":"calendar","status":"publish","type":"page","link":"https:\/\/cog7abq.org\/es\/calendar\/","title":{"rendered":"Calendario"},"content":{"rendered":"<div data-elementor-type=\"wp-page\" data-elementor-id=\"16\" class=\"elementor elementor-16\" data-elementor-post-type=\"page\">\n\t\t\t\t<div class=\"elementor-element elementor-element-4f44447 e-con-full e-flex e-con e-parent\" data-id=\"4f44447\" data-element_type=\"container\" data-e-type=\"container\" data-settings=\"{&quot;background_background&quot;:&quot;classic&quot;}\">\n\t\t<div class=\"elementor-element elementor-element-926bd88 e-flex e-con-boxed e-con e-child\" data-id=\"926bd88\" data-element_type=\"container\" data-e-type=\"container\" data-settings=\"{&quot;background_background&quot;:&quot;classic&quot;}\">\n\t\t\t\t\t<div class=\"e-con-inner\">\n\t\t\t\t<div class=\"elementor-element elementor-element-316d27d elementor-widget__width-auto elementor-widget elementor-widget-heading\" data-id=\"316d27d\" data-element_type=\"widget\" data-e-type=\"widget\" data-widget_type=\"heading.default\">\n\t\t\t\t<div class=\"elementor-widget-container\">\n\t\t\t\t\t<h1 class=\"elementor-heading-title elementor-size-default\">Calendario<\/h1>\t\t\t\t<\/div>\n\t\t\t\t<\/div>\n\t\t\t\t\t<\/div>\n\t\t\t\t<\/div>\n\t\t\t\t<\/div>\n\t\t<div class=\"elementor-element elementor-element-b7cd445 e-con-full e-flex e-con e-parent\" data-id=\"b7cd445\" data-element_type=\"container\" data-e-type=\"container\">\n\t\t<div class=\"elementor-element elementor-element-3318e4b e-con-full e-flex e-con e-child\" data-id=\"3318e4b\" data-element_type=\"container\" data-e-type=\"container\">\n\t\t\t\t<div class=\"elementor-element elementor-element-711e33e elementor-widget-laptop__width-inherit elementor-widget__width-inherit elementor-widget elementor-widget-heading\" data-id=\"711e33e\" data-element_type=\"widget\" data-e-type=\"widget\" data-widget_type=\"heading.default\">\n\t\t\t\t<div class=\"elementor-widget-container\">\n\t\t\t\t\t<h2 class=\"elementor-heading-title elementor-size-default\">\u00bfQu\u00e9 est\u00e1 pasando en la Iglesia de Dios del S\u00e9ptimo D\u00eda Albuquerque?<\/h2>\t\t\t\t<\/div>\n\t\t\t\t<\/div>\n\t\t\t\t<div class=\"elementor-element elementor-element-ca02ca2 elementor-widget elementor-widget-text-editor\" data-id=\"ca02ca2\" data-element_type=\"widget\" data-e-type=\"widget\" data-widget_type=\"text-editor.default\">\n\t\t\t\t<div class=\"elementor-widget-container\">\n\t\t\t\t\t\t\t\t\t<p>All of our church events are listed with dates and times on our Google Calendar below. You can add our calendar to your personal Google Calendar by clicking the &#8220;<em>add too Google Calendar<\/em>&#8221; link at the bottom left of our calendar. Click on an event to see details about the location, time, and additional information. If you have any questions about one of our events, please contace us by using our <a href=\"https:\/\/cog7abq.org\/es\/contact-us\/\">contact page<\/a>.\u00a0<\/p>\t\t\t\t\t\t\t\t<\/div>\n\t\t\t\t<\/div>\n\t\t\t\t<div class=\"elementor-element elementor-element-65c6698 elementor-widget__width-inherit elementor-hidden-tablet elementor-hidden-mobile elementor-widget elementor-widget-text-editor\" data-id=\"65c6698\" data-element_type=\"widget\" data-e-type=\"widget\" data-widget_type=\"text-editor.default\">\n\t\t\t\t<div class=\"elementor-widget-container\">\n\t\t\t\t\t\t\t\t\t<iframe src=\"https:\/\/calendar.google.com\/calendar\/embed?height=600&#038;wkst=1&#038;ctz=America%2FNew_York&#038;showPrint=0&#038;src=NG03b2pjOG04YW0zZDBscXUxYzB0bW1sOWNAZ3JvdXAuY2FsZW5kYXIuZ29vZ2xlLmNvbQ&#038;color=%23ad1457\" style=\"border:solid 1px #777\" width=\"800\" height=\"600\" frameborder=\"0\" scrolling=\"no\"><\/iframe>\t\t\t\t\t\t\t\t<\/div>\n\t\t\t\t<\/div>\n\t\t\t\t<div class=\"elementor-element elementor-element-a0d268f elementor-widget__width-inherit elementor-hidden-desktop elementor-hidden-laptop elementor-widget-tablet__width-inherit elementor-widget elementor-widget-text-editor\" data-id=\"a0d268f\" data-element_type=\"widget\" data-e-type=\"widget\" data-widget_type=\"text-editor.default\">\n\t\t\t\t<div class=\"elementor-widget-container\">\n\t\t\t\t\t\t\t\t\t<iframe src=\"https:\/\/calendar.google.com\/calendar\/embed?height=600&#038;wkst=1&#038;ctz=America%2FNew_York&#038;showPrint=0&#038;mode=AGENDA&#038;src=NG03b2pjOG04YW0zZDBscXUxYzB0bW1sOWNAZ3JvdXAuY2FsZW5kYXIuZ29vZ2xlLmNvbQ&#038;color=%23ad1457\" style=\"border:solid 1px #777\" width=\"800\" height=\"600\" frameborder=\"0\" scrolling=\"no\"><\/iframe>\t\t\t\t\t\t\t\t<\/div>\n\t\t\t\t<\/div>\n\t\t\t\t<\/div>\n\t\t\t\t<\/div>\n\t\t\t\t<\/div>","protected":false},"excerpt":{"rendered":"<p>Calendar What&#8217;s Happening at Church of God Seventh Day Albuquerque? All of our church events are listed with dates and times on our Google Calendar below. You can add our calendar to your personal Google Calendar by clicking the &#8220;add too Google Calendar&#8221; link at the bottom left of our calendar. Click on an event [&hellip;]<\/p>\n","protected":false},"author":1,"featured_media":0,"parent":0,"menu_order":0,"comment_status":"closed","ping_status":"closed","template":"","meta":{"nf_dc_page":"","om_disable_all_campaigns":false,"_monsterinsights_skip_tracking":false,"_monsterinsights_sitenote_active":false,"_monsterinsights_sitenote_note":"","_monsterinsights_sitenote_category":0,"footnotes":""},"class_list":["post-16","page","type-page","status-publish","hentry"],"yoast_head":"<!-- This site is optimized with the Yoast SEO plugin v27.5 - https:\/\/yoast.com\/product\/yoast-seo-wordpress\/ -->\n<title>Calendar - Church of God Seventh Day Albuquerque<\/title>\n<meta name=\"robots\" content=\"index, follow, max-snippet:-1, max-image-preview:large, max-video-preview:-1\" \/>\n<link rel=\"canonical\" href=\"https:\/\/cog7abq.org\/es\/calendar\/\" \/>\n<meta property=\"og:locale\" content=\"es_MX\" \/>\n<meta property=\"og:type\" content=\"article\" \/>\n<meta property=\"og:title\" content=\"Calendar - Church of God Seventh Day Albuquerque\" \/>\n<meta property=\"og:description\" content=\"Calendar What&#8217;s Happening at Church of God Seventh Day Albuquerque? All of our church events are listed with dates and times on our Google Calendar below. You can add our calendar to your personal Google Calendar by clicking the &#8220;add too Google Calendar&#8221; link at the bottom left of our calendar. Click on an event [&hellip;]\" \/>\n<meta property=\"og:url\" content=\"https:\/\/cog7abq.org\/es\/calendar\/\" \/>\n<meta property=\"og:site_name\" content=\"Church of God Seventh Day Albuquerque\" \/>\n<meta property=\"article:modified_time\" content=\"2025-05-29T23:37:54+00:00\" \/>\n<meta name=\"twitter:card\" content=\"summary_large_image\" \/>\n<meta name=\"twitter:label1\" content=\"Tiempo de lectura\" \/>\n\t<meta name=\"twitter:data1\" content=\"1 minuto\" \/>\n<script type=\"application\/ld+json\" class=\"yoast-schema-graph\">{\"@context\":\"https:\\\/\\\/schema.org\",\"@graph\":[{\"@type\":\"WebPage\",\"@id\":\"https:\\\/\\\/cog7abq.org\\\/calendar\\\/\",\"url\":\"https:\\\/\\\/cog7abq.org\\\/calendar\\\/\",\"name\":\"Calendar - Church of God Seventh Day Albuquerque\",\"isPartOf\":{\"@id\":\"https:\\\/\\\/lfr.xem.mybluehost.me\\\/website_dbca461f\\\/#website\"},\"datePublished\":\"2025-05-23T00:03:52+00:00\",\"dateModified\":\"2025-05-29T23:37:54+00:00\",\"breadcrumb\":{\"@id\":\"https:\\\/\\\/cog7abq.org\\\/calendar\\\/#breadcrumb\"},\"inLanguage\":\"es\",\"potentialAction\":[{\"@type\":\"ReadAction\",\"target\":[\"https:\\\/\\\/cog7abq.org\\\/calendar\\\/\"]}]},{\"@type\":\"BreadcrumbList\",\"@id\":\"https:\\\/\\\/cog7abq.org\\\/calendar\\\/#breadcrumb\",\"itemListElement\":[{\"@type\":\"ListItem\",\"position\":1,\"name\":\"Home\",\"item\":\"https:\\\/\\\/cog7abq.org\\\/\"},{\"@type\":\"ListItem\",\"position\":2,\"name\":\"Calendar\"}]},{\"@type\":\"WebSite\",\"@id\":\"https:\\\/\\\/lfr.xem.mybluehost.me\\\/website_dbca461f\\\/#website\",\"url\":\"https:\\\/\\\/lfr.xem.mybluehost.me\\\/website_dbca461f\\\/\",\"name\":\"Church of God Seventh Day Albuquerque\",\"description\":\"\",\"potentialAction\":[{\"@type\":\"SearchAction\",\"target\":{\"@type\":\"EntryPoint\",\"urlTemplate\":\"https:\\\/\\\/lfr.xem.mybluehost.me\\\/website_dbca461f\\\/?s={search_term_string}\"},\"query-input\":{\"@type\":\"PropertyValueSpecification\",\"valueRequired\":true,\"valueName\":\"search_term_string\"}}],\"inLanguage\":\"es\"}]}<\/script>\n<!-- \/ Yoast SEO plugin. -->","yoast_head_json":{"title":"Calendar - Church of God Seventh Day Albuquerque","robots":{"index":"index","follow":"follow","max-snippet":"max-snippet:-1","max-image-preview":"max-image-preview:large","max-video-preview":"max-video-preview:-1"},"canonical":"https:\/\/cog7abq.org\/es\/calendar\/","og_locale":"es_MX","og_type":"article","og_title":"Calendar - Church of God Seventh Day Albuquerque","og_description":"Calendar What&#8217;s Happening at Church of God Seventh Day Albuquerque? All of our church events are listed with dates and times on our Google Calendar below. You can add our calendar to your personal Google Calendar by clicking the &#8220;add too Google Calendar&#8221; link at the bottom left of our calendar. Click on an event [&hellip;]","og_url":"https:\/\/cog7abq.org\/es\/calendar\/","og_site_name":"Church of God Seventh Day Albuquerque","article_modified_time":"2025-05-29T23:37:54+00:00","twitter_card":"summary_large_image","twitter_misc":{"Tiempo de lectura":"1 minuto"},"schema":{"@context":"https:\/\/schema.org","@graph":[{"@type":"WebPage","@id":"https:\/\/cog7abq.org\/calendar\/","url":"https:\/\/cog7abq.org\/calendar\/","name":"Calendar - Church of God Seventh Day Albuquerque","isPartOf":{"@id":"https:\/\/lfr.xem.mybluehost.me\/website_dbca461f\/#website"},"datePublished":"2025-05-23T00:03:52+00:00","dateModified":"2025-05-29T23:37:54+00:00","breadcrumb":{"@id":"https:\/\/cog7abq.org\/calendar\/#breadcrumb"},"inLanguage":"es","potentialAction":[{"@type":"ReadAction","target":["https:\/\/cog7abq.org\/calendar\/"]}]},{"@type":"BreadcrumbList","@id":"https:\/\/cog7abq.org\/calendar\/#breadcrumb","itemListElement":[{"@type":"ListItem","position":1,"name":"Home","item":"https:\/\/cog7abq.org\/"},{"@type":"ListItem","position":2,"name":"Calendar"}]},{"@type":"WebSite","@id":"https:\/\/lfr.xem.mybluehost.me\/website_dbca461f\/#website","url":"https:\/\/lfr.xem.mybluehost.me\/website_dbca461f\/","name":"Church of God Seventh Day Albuquerque","description":"","potentialAction":[{"@type":"SearchAction","target":{"@type":"EntryPoint","urlTemplate":"https:\/\/lfr.xem.mybluehost.me\/website_dbca461f\/?s={search_term_string}"},"query-input":{"@type":"PropertyValueSpecification","valueRequired":true,"valueName":"search_term_string"}}],"inLanguage":"es"}]}},"jetpack_sharing_enabled":true,"_links":{"self":[{"href":"https:\/\/cog7abq.org\/es\/wp-json\/wp\/v2\/pages\/16","targetHints":{"allow":["GET"]}}],"collection":[{"href":"https:\/\/cog7abq.org\/es\/wp-json\/wp\/v2\/pages"}],"about":[{"href":"https:\/\/cog7abq.org\/es\/wp-json\/wp\/v2\/types\/page"}],"author":[{"embeddable":true,"href":"https:\/\/cog7abq.org\/es\/wp-json\/wp\/v2\/users\/1"}],"replies":[{"embeddable":true,"href":"https:\/\/cog7abq.org\/es\/wp-json\/wp\/v2\/comments?post=16"}],"version-history":[{"count":20,"href":"https:\/\/cog7abq.org\/es\/wp-json\/wp\/v2\/pages\/16\/revisions"}],"predecessor-version":[{"id":442,"href":"https:\/\/cog7abq.org\/es\/wp-json\/wp\/v2\/pages\/16\/revisions\/442"}],"wp:attachment":[{"href":"https:\/\/cog7abq.org\/es\/wp-json\/wp\/v2\/media?parent=16"}],"curies":[{"name":"wp","href":"https:\/\/api.w.org\/{rel}","templated":true}]}}