{"id":14,"date":"2025-05-23T00:03:39","date_gmt":"2025-05-23T00:03:39","guid":{"rendered":"https:\/\/lfr.xem.mybluehost.me\/website_dbca461f\/?page_id=14"},"modified":"2025-05-27T23:13:18","modified_gmt":"2025-05-27T23:13:18","slug":"give","status":"publish","type":"page","link":"https:\/\/cog7abq.org\/es\/give\/","title":{"rendered":"Dar"},"content":{"rendered":"<div data-elementor-type=\"wp-page\" data-elementor-id=\"14\" class=\"elementor elementor-14\" data-elementor-post-type=\"page\">\n\t\t\t\t<div class=\"elementor-element elementor-element-e30ff34 e-con-full e-flex e-con e-parent\" data-id=\"e30ff34\" data-element_type=\"container\" data-e-type=\"container\" data-settings=\"{&quot;background_background&quot;:&quot;classic&quot;}\">\n\t\t<div class=\"elementor-element elementor-element-4f57eb8 e-flex e-con-boxed e-con e-child\" data-id=\"4f57eb8\" data-element_type=\"container\" data-e-type=\"container\" data-settings=\"{&quot;background_background&quot;:&quot;classic&quot;}\">\n\t\t\t\t\t<div class=\"e-con-inner\">\n\t\t\t\t<div class=\"elementor-element elementor-element-f250e2b elementor-widget__width-auto elementor-widget elementor-widget-heading\" data-id=\"f250e2b\" data-element_type=\"widget\" data-e-type=\"widget\" data-widget_type=\"heading.default\">\n\t\t\t\t<div class=\"elementor-widget-container\">\n\t\t\t\t\t<h1 class=\"elementor-heading-title elementor-size-default\">Donaci\u00f3n<\/h1>\t\t\t\t<\/div>\n\t\t\t\t<\/div>\n\t\t\t\t\t<\/div>\n\t\t\t\t<\/div>\n\t\t\t\t<\/div>\n\t\t<div class=\"elementor-element elementor-element-76c32f5 e-con-full e-flex e-con e-parent\" data-id=\"76c32f5\" data-element_type=\"container\" data-e-type=\"container\">\n\t\t<div class=\"elementor-element elementor-element-2e92d09 e-con-full e-flex e-con e-child\" data-id=\"2e92d09\" data-element_type=\"container\" data-e-type=\"container\">\n\t\t\t\t<div class=\"elementor-element elementor-element-1d86a08 elementor-widget-laptop__width-inherit elementor-widget__width-inherit elementor-widget elementor-widget-heading\" data-id=\"1d86a08\" data-element_type=\"widget\" data-e-type=\"widget\" data-widget_type=\"heading.default\">\n\t\t\t\t<div class=\"elementor-widget-container\">\n\t\t\t\t\t<h2 class=\"elementor-heading-title elementor-size-default\">Lo que creemos acerca de dar<\/h2>\t\t\t\t<\/div>\n\t\t\t\t<\/div>\n\t\t\t\t<div class=\"elementor-element elementor-element-31940c0 elementor-widget elementor-widget-text-editor\" data-id=\"31940c0\" data-element_type=\"widget\" data-e-type=\"widget\" data-widget_type=\"text-editor.default\">\n\t\t\t\t<div class=\"elementor-widget-container\">\n\t\t\t\t\t\t\t\t\t<p>Creemos que dar es una forma de adoraci\u00f3n a Dios. El hecho de que dar sea parte de nuestra adoraci\u00f3n se ampl\u00eda en 2 Corintios 8-9, donde el ap\u00f3stol Pablo se\u00f1ala los siguientes puntos:<\/p><ol><li>Aquellos que siguen a Jes\u00fas deben sobresalir en la gracia de dar.<\/li><li>Dar es una expresi\u00f3n del amor que uno tiene por Jes\u00fas.<\/li><li>Dios ama a los dadores dispuestos y alegres.<\/li><li>La voluntad de ser generoso al dar es m\u00e1s importante que la cantidad donada.<\/li><li>Nuestra donaci\u00f3n resultar\u00e1 en alabanza y acci\u00f3n de gracias a Dios.<\/li><li>Our giving should be a natural response to God&#8217;s gracious gift to mankind.<\/li><\/ol>\t\t\t\t\t\t\t\t<\/div>\n\t\t\t\t<\/div>\n\t\t<div class=\"elementor-element elementor-element-7a1d410 e-con-full e-flex e-con e-child\" data-id=\"7a1d410\" data-element_type=\"container\" data-e-type=\"container\">\n\t\t\t\t<div class=\"elementor-element elementor-element-5a93d03 elementor-widget-laptop__width-inherit elementor-widget__width-inherit elementor-widget elementor-widget-heading\" data-id=\"5a93d03\" data-element_type=\"widget\" data-e-type=\"widget\" data-widget_type=\"heading.default\">\n\t\t\t\t<div class=\"elementor-widget-container\">\n\t\t\t\t\t<h2 class=\"elementor-heading-title elementor-size-default\">Formas de dar<\/h2>\t\t\t\t<\/div>\n\t\t\t\t<\/div>\n\t\t\t\t<div class=\"elementor-element elementor-element-d2bfe2e elementor-position-inline-start elementor-view-default elementor-mobile-position-block-start elementor-widget elementor-widget-icon-box\" data-id=\"d2bfe2e\" data-element_type=\"widget\" data-e-type=\"widget\" data-widget_type=\"icon-box.default\">\n\t\t\t\t<div class=\"elementor-widget-container\">\n\t\t\t\t\t\t\t<div class=\"elementor-icon-box-wrapper\">\n\n\t\t\t\t\t\t<div class=\"elementor-icon-box-icon\">\n\t\t\t\t<span  class=\"elementor-icon\">\n\t\t\t\t<svg aria-hidden=\"true\" class=\"e-font-icon-svg e-fas-award\" viewbox=\"0 0 384 512\" xmlns=\"http:\/\/www.w3.org\/2000\/svg\"><path d=\"M97.12 362.63c-8.69-8.69-4.16-6.24-25.12-11.85-9.51-2.55-17.87-7.45-25.43-13.32L1.2 448.7c-4.39 10.77 3.81 22.47 15.43 22.03l52.69-2.01L105.56 507c8 8.44 22.04 5.81 26.43-4.96l52.05-127.62c-10.84 6.04-22.87 9.58-35.31 9.58-19.5 0-37.82-7.59-51.61-21.37zM382.8 448.7l-45.37-111.24c-7.56 5.88-15.92 10.77-25.43 13.32-21.07 5.64-16.45 3.18-25.12 11.85-13.79 13.78-32.12 21.37-51.62 21.37-12.44 0-24.47-3.55-35.31-9.58L252 502.04c4.39 10.77 18.44 13.4 26.43 4.96l36.25-38.28 52.69 2.01c11.62.44 19.82-11.27 15.43-22.03zM263 340c15.28-15.55 17.03-14.21 38.79-20.14 13.89-3.79 24.75-14.84 28.47-28.98 7.48-28.4 5.54-24.97 25.95-45.75 10.17-10.35 14.14-25.44 10.42-39.58-7.47-28.38-7.48-24.42 0-52.83 3.72-14.14-.25-29.23-10.42-39.58-20.41-20.78-18.47-17.36-25.95-45.75-3.72-14.14-14.58-25.19-28.47-28.98-27.88-7.61-24.52-5.62-44.95-26.41-10.17-10.35-25-14.4-38.89-10.61-27.87 7.6-23.98 7.61-51.9 0-13.89-3.79-28.72.25-38.89 10.61-20.41 20.78-17.05 18.8-44.94 26.41-13.89 3.79-24.75 14.84-28.47 28.98-7.47 28.39-5.54 24.97-25.95 45.75-10.17 10.35-14.15 25.44-10.42 39.58 7.47 28.36 7.48 24.4 0 52.82-3.72 14.14.25 29.23 10.42 39.59 20.41 20.78 18.47 17.35 25.95 45.75 3.72 14.14 14.58 25.19 28.47 28.98C104.6 325.96 106.27 325 121 340c13.23 13.47 33.84 15.88 49.74 5.82a39.676 39.676 0 0 1 42.53 0c15.89 10.06 36.5 7.65 49.73-5.82zM97.66 175.96c0-53.03 42.24-96.02 94.34-96.02s94.34 42.99 94.34 96.02-42.24 96.02-94.34 96.02-94.34-42.99-94.34-96.02z\"><\/path><\/svg>\t\t\t\t<\/span>\n\t\t\t<\/div>\n\t\t\t\n\t\t\t\t\t\t<div class=\"elementor-icon-box-content\">\n\n\t\t\t\t\t\t\t\t\t<h3 class=\"elementor-icon-box-title\">\n\t\t\t\t\t\t<span  >\n\t\t\t\t\t\t\tDa tus talentos\t\t\t\t\t\t<\/span>\n\t\t\t\t\t<\/h3>\n\t\t\t\t\n\t\t\t\t\t\t\t\t\t<p class=\"elementor-icon-box-description\">\n\t\t\t\t\t\tDios te ha creado con dones y habilidades \u00fanicos para bendecir a la iglesia. Efesios 4:12 nos dice que nuestros dones son para \"equipar a los santos\" y \"edificar el cuerpo de Cristo\".\t\t\t\t\t<\/p>\n\t\t\t\t\n\t\t\t<\/div>\n\t\t\t\n\t\t<\/div>\n\t\t\t\t\t\t<\/div>\n\t\t\t\t<\/div>\n\t\t\t\t<div class=\"elementor-element elementor-element-9844299 elementor-position-inline-start elementor-view-default elementor-mobile-position-block-start elementor-widget elementor-widget-icon-box\" data-id=\"9844299\" data-element_type=\"widget\" data-e-type=\"widget\" data-widget_type=\"icon-box.default\">\n\t\t\t\t<div class=\"elementor-widget-container\">\n\t\t\t\t\t\t\t<div class=\"elementor-icon-box-wrapper\">\n\n\t\t\t\t\t\t<div class=\"elementor-icon-box-icon\">\n\t\t\t\t<span  class=\"elementor-icon\">\n\t\t\t\t<svg aria-hidden=\"true\" class=\"e-font-icon-svg e-far-clock\" viewbox=\"0 0 512 512\" xmlns=\"http:\/\/www.w3.org\/2000\/svg\"><path d=\"M256 8C119 8 8 119 8 256s111 248 248 248 248-111 248-248S393 8 256 8zm0 448c-110.5 0-200-89.5-200-200S145.5 56 256 56s200 89.5 200 200-89.5 200-200 200zm61.8-104.4l-84.9-61.7c-3.1-2.3-4.9-5.9-4.9-9.7V116c0-6.6 5.4-12 12-12h32c6.6 0 12 5.4 12 12v141.7l66.8 48.6c5.4 3.9 6.5 11.4 2.6 16.8L334.6 349c-3.9 5.3-11.4 6.5-16.8 2.6z\"><\/path><\/svg>\t\t\t\t<\/span>\n\t\t\t<\/div>\n\t\t\t\n\t\t\t\t\t\t<div class=\"elementor-icon-box-content\">\n\n\t\t\t\t\t\t\t\t\t<h3 class=\"elementor-icon-box-title\">\n\t\t\t\t\t\t<span  >\n\t\t\t\t\t\t\tDale tu tiempo\t\t\t\t\t\t<\/span>\n\t\t\t\t\t<\/h3>\n\t\t\t\t\n\t\t\t\t\t\t\t\t\t<p class=\"elementor-icon-box-description\">\n\t\t\t\t\t\tMantener una iglesia sana y vibrante requiere un esfuerzo de equipo. Al brindar tu tiempo como voluntario, ayudas a mejorar la iglesia. Cont\u00e1ctanos para saber d\u00f3nde puedes servir.\t\t\t\t\t<\/p>\n\t\t\t\t\n\t\t\t<\/div>\n\t\t\t\n\t\t<\/div>\n\t\t\t\t\t\t<\/div>\n\t\t\t\t<\/div>\n\t\t\t\t<div class=\"elementor-element elementor-element-aa21939 elementor-position-inline-start elementor-view-default elementor-mobile-position-block-start elementor-widget elementor-widget-icon-box\" data-id=\"aa21939\" data-element_type=\"widget\" data-e-type=\"widget\" data-widget_type=\"icon-box.default\">\n\t\t\t\t<div class=\"elementor-widget-container\">\n\t\t\t\t\t\t\t<div class=\"elementor-icon-box-wrapper\">\n\n\t\t\t\t\t\t<div class=\"elementor-icon-box-icon\">\n\t\t\t\t<span  class=\"elementor-icon\">\n\t\t\t\t<svg aria-hidden=\"true\" class=\"e-font-icon-svg e-fas-hand-holding-usd\" viewbox=\"0 0 576 512\" xmlns=\"http:\/\/www.w3.org\/2000\/svg\"><path d=\"M271.06,144.3l54.27,14.3a8.59,8.59,0,0,1,6.63,8.1c0,4.6-4.09,8.4-9.12,8.4h-35.6a30,30,0,0,1-11.19-2.2c-5.24-2.2-11.28-1.7-15.3,2l-19,17.5a11.68,11.68,0,0,0-2.25,2.66,11.42,11.42,0,0,0,3.88,15.74,83.77,83.77,0,0,0,34.51,11.5V240c0,8.8,7.83,16,17.37,16h17.37c9.55,0,17.38-7.2,17.38-16V222.4c32.93-3.6,57.84-31,53.5-63-3.15-23-22.46-41.3-46.56-47.7L282.68,97.4a8.59,8.59,0,0,1-6.63-8.1c0-4.6,4.09-8.4,9.12-8.4h35.6A30,30,0,0,1,332,83.1c5.23,2.2,11.28,1.7,15.3-2l19-17.5A11.31,11.31,0,0,0,368.47,61a11.43,11.43,0,0,0-3.84-15.78,83.82,83.82,0,0,0-34.52-11.5V16c0-8.8-7.82-16-17.37-16H295.37C285.82,0,278,7.2,278,16V33.6c-32.89,3.6-57.85,31-53.51,63C227.63,119.6,247,137.9,271.06,144.3ZM565.27,328.1c-11.8-10.7-30.2-10-42.6,0L430.27,402a63.64,63.64,0,0,1-40,14H272a16,16,0,0,1,0-32h78.29c15.9,0,30.71-10.9,33.25-26.6a31.2,31.2,0,0,0,.46-5.46A32,32,0,0,0,352,320H192a117.66,117.66,0,0,0-74.1,26.29L71.4,384H16A16,16,0,0,0,0,400v96a16,16,0,0,0,16,16H372.77a64,64,0,0,0,40-14L564,377a32,32,0,0,0,1.28-48.9Z\"><\/path><\/svg>\t\t\t\t<\/span>\n\t\t\t<\/div>\n\t\t\t\n\t\t\t\t\t\t<div class=\"elementor-icon-box-content\">\n\n\t\t\t\t\t\t\t\t\t<h3 class=\"elementor-icon-box-title\">\n\t\t\t\t\t\t<span  >\n\t\t\t\t\t\t\tDa tu tesoro\t\t\t\t\t\t<\/span>\n\t\t\t\t\t<\/h3>\n\t\t\t\t\n\t\t\t\t\t\t\t\t\t<p class=\"elementor-icon-box-description\">\n\t\t\t\t\t\tLas donaciones nos ayudan a cubrir las necesidades de los pobres, mantener nuestras propiedades y brindar ense\u00f1anza y personal de calidad. Para hacer una donaci\u00f3n a Connection Church, haga clic en el bot\u00f3n \"Donar\".\u00a0\t\t\t\t\t<\/p>\n\t\t\t\t\n\t\t\t<\/div>\n\t\t\t\n\t\t<\/div>\n\t\t\t\t\t\t<\/div>\n\t\t\t\t<\/div>\n\t\t\t\t<\/div>\n\t\t<div class=\"elementor-element elementor-element-4631af9 e-con-full e-flex e-con e-child\" data-id=\"4631af9\" data-element_type=\"container\" data-e-type=\"container\" data-settings=\"{&quot;background_background&quot;:&quot;classic&quot;}\">\n\t\t\t\t<div class=\"elementor-element elementor-element-6af0ad0 elementor-widget-laptop__width-inherit elementor-widget__width-inherit elementor-widget elementor-widget-heading\" data-id=\"6af0ad0\" data-element_type=\"widget\" data-e-type=\"widget\" data-widget_type=\"heading.default\">\n\t\t\t\t<div class=\"elementor-widget-container\">\n\t\t\t\t\t<h2 class=\"elementor-heading-title elementor-size-default\">Dar en l\u00ednea<\/h2>\t\t\t\t<\/div>\n\t\t\t\t<\/div>\n\t\t\t\t<div class=\"elementor-element elementor-element-34c3b52 elementor-widget elementor-widget-text-editor\" data-id=\"34c3b52\" data-element_type=\"widget\" data-e-type=\"widget\" data-widget_type=\"text-editor.default\">\n\t\t\t\t<div class=\"elementor-widget-container\">\n\t\t\t\t\t\t\t\t\t<p>Puede donar en persona o en l\u00ednea. Para donar en l\u00ednea, use el bot\u00f3n a continuaci\u00f3n e inicie sesi\u00f3n en su cuenta de Tithley, nuestro portal seguro de donaciones en l\u00ednea. Si a\u00fan no tiene una cuenta de Tithley, puede crear una en tan solo unos minutos.\u00a0<\/p><p>Si tiene preguntas sobre donaciones en l\u00ednea y supervisi\u00f3n financiera, cont\u00e1ctenos a trav\u00e9s de nuestro <a href=\"https:\/\/cog7abq.org\/es\/contact-us\/\">contact page<\/a>.<\/p>\t\t\t\t\t\t\t\t<\/div>\n\t\t\t\t<\/div>\n\t\t\t\t<div class=\"elementor-element elementor-element-647bddd elementor-widget elementor-widget-text-editor\" data-id=\"647bddd\" data-element_type=\"widget\" data-e-type=\"widget\" data-widget_type=\"text-editor.default\">\n\t\t\t\t<div class=\"elementor-widget-container\">\n\t\t\t\t\t\t\t\t\t<button class=\"tithely-give-button\" style=\"background-color: #000000; font-family: inherit; font-weight: bold; font-size: 19px; padding: 15px 70px; border-radius: 4px; cursor: pointer; background-image: none; color: white; text-shadow: none; display: inline-block; float: none; border: none;\" data-form=\"2c3ba81a-be52-4192-9550-670fc6076261\">Dar<\/button><script src=\"https:\/\/static.tithely.com\/give\/give.js\" defer><\/script>\t\t\t\t\t\t\t\t<\/div>\n\t\t\t\t<\/div>\n\t\t\t\t<\/div>\n\t\t\t\t<\/div>\n\t\t\t\t<\/div>\n\t\t\t\t<\/div>","protected":false},"excerpt":{"rendered":"<p>Giving What we believe about giving We believe that giving is a form of worship to God. Giving being a part of our worship is expanded upon in 2 Corinthians 8-9 as the apostle Paul makes the following points: Those who follow Jesus should excel in the grace of giving. Giving is an expression of [&hellip;]<\/p>\n","protected":false},"author":1,"featured_media":0,"parent":0,"menu_order":0,"comment_status":"closed","ping_status":"closed","template":"","meta":{"nf_dc_page":"","om_disable_all_campaigns":false,"_monsterinsights_skip_tracking":false,"_monsterinsights_sitenote_active":false,"_monsterinsights_sitenote_note":"","_monsterinsights_sitenote_category":0,"footnotes":""},"class_list":["post-14","page","type-page","status-publish","hentry"],"yoast_head":"<!-- This site is optimized with the Yoast SEO plugin v27.5 - https:\/\/yoast.com\/product\/yoast-seo-wordpress\/ -->\n<title>Give - Church of God Seventh Day Albuquerque<\/title>\n<meta name=\"robots\" content=\"index, follow, max-snippet:-1, max-image-preview:large, max-video-preview:-1\" \/>\n<link rel=\"canonical\" href=\"https:\/\/cog7abq.org\/es\/give\/\" \/>\n<meta property=\"og:locale\" content=\"es_MX\" \/>\n<meta property=\"og:type\" content=\"article\" \/>\n<meta property=\"og:title\" content=\"Give - Church of God Seventh Day Albuquerque\" \/>\n<meta property=\"og:description\" content=\"Giving What we believe about giving We believe that giving is a form of worship to God. Giving being a part of our worship is expanded upon in 2 Corinthians 8-9 as the apostle Paul makes the following points: Those who follow Jesus should excel in the grace of giving. Giving is an expression of [&hellip;]\" \/>\n<meta property=\"og:url\" content=\"https:\/\/cog7abq.org\/es\/give\/\" \/>\n<meta property=\"og:site_name\" content=\"Church of God Seventh Day Albuquerque\" \/>\n<meta property=\"article:modified_time\" content=\"2025-05-27T23:13:18+00:00\" \/>\n<meta name=\"twitter:card\" content=\"summary_large_image\" \/>\n<meta name=\"twitter:label1\" content=\"Tiempo de lectura\" \/>\n\t<meta name=\"twitter:data1\" content=\"1 minuto\" \/>\n<script type=\"application\/ld+json\" class=\"yoast-schema-graph\">{\"@context\":\"https:\\\/\\\/schema.org\",\"@graph\":[{\"@type\":\"WebPage\",\"@id\":\"https:\\\/\\\/cog7abq.org\\\/give\\\/\",\"url\":\"https:\\\/\\\/cog7abq.org\\\/give\\\/\",\"name\":\"Give - Church of God Seventh Day Albuquerque\",\"isPartOf\":{\"@id\":\"https:\\\/\\\/lfr.xem.mybluehost.me\\\/website_dbca461f\\\/#website\"},\"datePublished\":\"2025-05-23T00:03:39+00:00\",\"dateModified\":\"2025-05-27T23:13:18+00:00\",\"breadcrumb\":{\"@id\":\"https:\\\/\\\/cog7abq.org\\\/give\\\/#breadcrumb\"},\"inLanguage\":\"es\",\"potentialAction\":[{\"@type\":\"ReadAction\",\"target\":[\"https:\\\/\\\/cog7abq.org\\\/give\\\/\"]}]},{\"@type\":\"BreadcrumbList\",\"@id\":\"https:\\\/\\\/cog7abq.org\\\/give\\\/#breadcrumb\",\"itemListElement\":[{\"@type\":\"ListItem\",\"position\":1,\"name\":\"Home\",\"item\":\"https:\\\/\\\/cog7abq.org\\\/\"},{\"@type\":\"ListItem\",\"position\":2,\"name\":\"Give\"}]},{\"@type\":\"WebSite\",\"@id\":\"https:\\\/\\\/lfr.xem.mybluehost.me\\\/website_dbca461f\\\/#website\",\"url\":\"https:\\\/\\\/lfr.xem.mybluehost.me\\\/website_dbca461f\\\/\",\"name\":\"Church of God Seventh Day Albuquerque\",\"description\":\"\",\"potentialAction\":[{\"@type\":\"SearchAction\",\"target\":{\"@type\":\"EntryPoint\",\"urlTemplate\":\"https:\\\/\\\/lfr.xem.mybluehost.me\\\/website_dbca461f\\\/?s={search_term_string}\"},\"query-input\":{\"@type\":\"PropertyValueSpecification\",\"valueRequired\":true,\"valueName\":\"search_term_string\"}}],\"inLanguage\":\"es\"}]}<\/script>\n<!-- \/ Yoast SEO plugin. -->","yoast_head_json":{"title":"Give - Church of God Seventh Day Albuquerque","robots":{"index":"index","follow":"follow","max-snippet":"max-snippet:-1","max-image-preview":"max-image-preview:large","max-video-preview":"max-video-preview:-1"},"canonical":"https:\/\/cog7abq.org\/es\/give\/","og_locale":"es_MX","og_type":"article","og_title":"Give - Church of God Seventh Day Albuquerque","og_description":"Giving What we believe about giving We believe that giving is a form of worship to God. Giving being a part of our worship is expanded upon in 2 Corinthians 8-9 as the apostle Paul makes the following points: Those who follow Jesus should excel in the grace of giving. Giving is an expression of [&hellip;]","og_url":"https:\/\/cog7abq.org\/es\/give\/","og_site_name":"Church of God Seventh Day Albuquerque","article_modified_time":"2025-05-27T23:13:18+00:00","twitter_card":"summary_large_image","twitter_misc":{"Tiempo de lectura":"1 minuto"},"schema":{"@context":"https:\/\/schema.org","@graph":[{"@type":"WebPage","@id":"https:\/\/cog7abq.org\/give\/","url":"https:\/\/cog7abq.org\/give\/","name":"Give - Church of God Seventh Day Albuquerque","isPartOf":{"@id":"https:\/\/lfr.xem.mybluehost.me\/website_dbca461f\/#website"},"datePublished":"2025-05-23T00:03:39+00:00","dateModified":"2025-05-27T23:13:18+00:00","breadcrumb":{"@id":"https:\/\/cog7abq.org\/give\/#breadcrumb"},"inLanguage":"es","potentialAction":[{"@type":"ReadAction","target":["https:\/\/cog7abq.org\/give\/"]}]},{"@type":"BreadcrumbList","@id":"https:\/\/cog7abq.org\/give\/#breadcrumb","itemListElement":[{"@type":"ListItem","position":1,"name":"Home","item":"https:\/\/cog7abq.org\/"},{"@type":"ListItem","position":2,"name":"Give"}]},{"@type":"WebSite","@id":"https:\/\/lfr.xem.mybluehost.me\/website_dbca461f\/#website","url":"https:\/\/lfr.xem.mybluehost.me\/website_dbca461f\/","name":"Church of God Seventh Day Albuquerque","description":"","potentialAction":[{"@type":"SearchAction","target":{"@type":"EntryPoint","urlTemplate":"https:\/\/lfr.xem.mybluehost.me\/website_dbca461f\/?s={search_term_string}"},"query-input":{"@type":"PropertyValueSpecification","valueRequired":true,"valueName":"search_term_string"}}],"inLanguage":"es"}]}},"jetpack_sharing_enabled":true,"_links":{"self":[{"href":"https:\/\/cog7abq.org\/es\/wp-json\/wp\/v2\/pages\/14","targetHints":{"allow":["GET"]}}],"collection":[{"href":"https:\/\/cog7abq.org\/es\/wp-json\/wp\/v2\/pages"}],"about":[{"href":"https:\/\/cog7abq.org\/es\/wp-json\/wp\/v2\/types\/page"}],"author":[{"embeddable":true,"href":"https:\/\/cog7abq.org\/es\/wp-json\/wp\/v2\/users\/1"}],"replies":[{"embeddable":true,"href":"https:\/\/cog7abq.org\/es\/wp-json\/wp\/v2\/comments?post=14"}],"version-history":[{"count":10,"href":"https:\/\/cog7abq.org\/es\/wp-json\/wp\/v2\/pages\/14\/revisions"}],"predecessor-version":[{"id":359,"href":"https:\/\/cog7abq.org\/es\/wp-json\/wp\/v2\/pages\/14\/revisions\/359"}],"wp:attachment":[{"href":"https:\/\/cog7abq.org\/es\/wp-json\/wp\/v2\/media?parent=14"}],"curies":[{"name":"wp","href":"https:\/\/api.w.org\/{rel}","templated":true}]}}