{"id":10,"date":"2025-05-23T00:03:09","date_gmt":"2025-05-23T00:03:09","guid":{"rendered":"https:\/\/lfr.xem.mybluehost.me\/website_dbca461f\/?page_id=10"},"modified":"2026-05-07T02:30:10","modified_gmt":"2026-05-07T02:30:10","slug":"church-of-god-seventh-day-albuquerque-new-mexico","status":"publish","type":"page","link":"https:\/\/cog7abq.org\/es\/","title":{"rendered":"Church of God Seventh Day, Albuquerque, New Mexico"},"content":{"rendered":"<div data-elementor-type=\"wp-page\" data-elementor-id=\"10\" class=\"elementor elementor-10\" data-elementor-post-type=\"page\">\n\t\t\t\t<div class=\"elementor-element elementor-element-2bb16b4 e-con-full e-flex e-con e-parent\" data-id=\"2bb16b4\" data-element_type=\"container\" data-e-type=\"container\" data-settings=\"{&quot;background_background&quot;:&quot;classic&quot;}\">\n\t\t<div class=\"elementor-element elementor-element-b59dc68 elementor-hidden-mobile e-flex e-con-boxed e-con e-child\" data-id=\"b59dc68\" data-element_type=\"container\" data-e-type=\"container\" data-settings=\"{&quot;background_background&quot;:&quot;classic&quot;}\">\n\t\t\t\t\t<div class=\"e-con-inner\">\n\t\t\t\t<div class=\"elementor-element elementor-element-5e21085 elementor-widget__width-auto elementor-widget elementor-widget-heading\" data-id=\"5e21085\" data-element_type=\"widget\" data-e-type=\"widget\" data-widget_type=\"heading.default\">\n\t\t\t\t<div class=\"elementor-widget-container\">\n\t\t\t\t\t<h1 class=\"elementor-heading-title elementor-size-default\">Albuquerque, <br>iglesia de dios<\/h1>\t\t\t\t<\/div>\n\t\t\t\t<\/div>\n\t\t\t\t<div class=\"elementor-element elementor-element-953c432 elementor-widget__width-inherit elementor-hidden-mobile elementor-widget elementor-widget-text-editor\" data-id=\"953c432\" data-element_type=\"widget\" data-e-type=\"widget\" data-widget_type=\"text-editor.default\">\n\t\t\t\t<div class=\"elementor-widget-container\">\n\t\t\t\t\t\t\t\t\t<p>Saturdays at 10:00 AM | Fridays at 7:30 PM<\/p>\t\t\t\t\t\t\t\t<\/div>\n\t\t\t\t<\/div>\n\t\t\t\t<div class=\"elementor-element elementor-element-7719089 elementor-tablet-align-center elementor-widget__width-auto elementor-widget elementor-widget-button\" data-id=\"7719089\" data-element_type=\"widget\" data-e-type=\"widget\" data-widget_type=\"button.default\">\n\t\t\t\t<div class=\"elementor-widget-container\">\n\t\t\t\t\t\t\t\t\t<div class=\"elementor-button-wrapper\">\n\t\t\t\t\t<a class=\"elementor-button elementor-button-link elementor-size-sm\" href=\"#\">\n\t\t\t\t\t\t<span class=\"elementor-button-content-wrapper\">\n\t\t\t\t\t\t\t\t\t<span class=\"elementor-button-text\">ver en vivo<\/span>\n\t\t\t\t\t<\/span>\n\t\t\t\t\t<\/a>\n\t\t\t\t<\/div>\n\t\t\t\t\t\t\t\t<\/div>\n\t\t\t\t<\/div>\n\t\t\t\t<div class=\"elementor-element elementor-element-85fe1ca elementor-tablet-align-center elementor-widget__width-auto elementor-widget elementor-widget-button\" data-id=\"85fe1ca\" data-element_type=\"widget\" data-e-type=\"widget\" data-widget_type=\"button.default\">\n\t\t\t\t<div class=\"elementor-widget-container\">\n\t\t\t\t\t\t\t\t\t<div class=\"elementor-button-wrapper\">\n\t\t\t\t\t<a class=\"elementor-button elementor-button-link elementor-size-sm\" href=\"https:\/\/cog7abq.org\/es\/contact-us\/\">\n\t\t\t\t\t\t<span class=\"elementor-button-content-wrapper\">\n\t\t\t\t\t\t\t\t\t<span class=\"elementor-button-text\">Instrucciones<\/span>\n\t\t\t\t\t<\/span>\n\t\t\t\t\t<\/a>\n\t\t\t\t<\/div>\n\t\t\t\t\t\t\t\t<\/div>\n\t\t\t\t<\/div>\n\t\t\t\t\t<\/div>\n\t\t\t\t<\/div>\n\t\t<div class=\"elementor-element elementor-element-10a2d80 elementor-hidden-desktop elementor-hidden-laptop elementor-hidden-tablet e-flex e-con-boxed e-con e-child\" data-id=\"10a2d80\" data-element_type=\"container\" data-e-type=\"container\" data-settings=\"{&quot;background_background&quot;:&quot;classic&quot;}\">\n\t\t\t\t\t<div class=\"e-con-inner\">\n\t\t\t\t<div class=\"elementor-element elementor-element-6b75919 elementor-widget__width-auto elementor-widget elementor-widget-heading\" data-id=\"6b75919\" data-element_type=\"widget\" data-e-type=\"widget\" data-widget_type=\"heading.default\">\n\t\t\t\t<div class=\"elementor-widget-container\">\n\t\t\t\t\t<h2 class=\"elementor-heading-title elementor-size-default\">Albuquerque, <br>iglesia de dios<\/h2>\t\t\t\t<\/div>\n\t\t\t\t<\/div>\n\t\t\t\t<div class=\"elementor-element elementor-element-553c5f5 elementor-tablet-align-center elementor-widget__width-inherit elementor-widget elementor-widget-button\" data-id=\"553c5f5\" data-element_type=\"widget\" data-e-type=\"widget\" data-widget_type=\"button.default\">\n\t\t\t\t<div class=\"elementor-widget-container\">\n\t\t\t\t\t\t\t\t\t<div class=\"elementor-button-wrapper\">\n\t\t\t\t\t<a class=\"elementor-button elementor-button-link elementor-size-sm\" href=\"#\">\n\t\t\t\t\t\t<span class=\"elementor-button-content-wrapper\">\n\t\t\t\t\t\t\t\t\t<span class=\"elementor-button-text\">ver en vivo<\/span>\n\t\t\t\t\t<\/span>\n\t\t\t\t\t<\/a>\n\t\t\t\t<\/div>\n\t\t\t\t\t\t\t\t<\/div>\n\t\t\t\t<\/div>\n\t\t\t\t<div class=\"elementor-element elementor-element-67177cd elementor-tablet-align-center elementor-widget__width-inherit elementor-widget elementor-widget-button\" data-id=\"67177cd\" data-element_type=\"widget\" data-e-type=\"widget\" data-widget_type=\"button.default\">\n\t\t\t\t<div class=\"elementor-widget-container\">\n\t\t\t\t\t\t\t\t\t<div class=\"elementor-button-wrapper\">\n\t\t\t\t\t<a class=\"elementor-button elementor-button-link elementor-size-sm\" href=\"https:\/\/cog7abq.org\/es\/contact-us\/\">\n\t\t\t\t\t\t<span class=\"elementor-button-content-wrapper\">\n\t\t\t\t\t\t\t\t\t<span class=\"elementor-button-text\">Instrucciones<\/span>\n\t\t\t\t\t<\/span>\n\t\t\t\t\t<\/a>\n\t\t\t\t<\/div>\n\t\t\t\t\t\t\t\t<\/div>\n\t\t\t\t<\/div>\n\t\t\t\t\t<\/div>\n\t\t\t\t<\/div>\n\t\t\t\t<\/div>\n\t\t<div class=\"elementor-element elementor-element-93af98f e-flex e-con-boxed e-con e-parent\" data-id=\"93af98f\" data-element_type=\"container\" data-e-type=\"container\">\n\t\t\t\t\t<div class=\"e-con-inner\">\n\t\t<div class=\"elementor-element elementor-element-8711684 e-con-full e-flex e-con e-child\" data-id=\"8711684\" data-element_type=\"container\" data-e-type=\"container\">\n\t\t\t\t<div class=\"elementor-element elementor-element-62e8d02 elementor-widget elementor-widget-image-box\" data-id=\"62e8d02\" data-element_type=\"widget\" data-e-type=\"widget\" data-widget_type=\"image-box.default\">\n\t\t\t\t<div class=\"elementor-widget-container\">\n\t\t\t\t\t<div class=\"elementor-image-box-wrapper\"><div class=\"elementor-image-box-content\"><h2 class=\"elementor-image-box-title\">Quienes Somos<\/h2><p class=\"elementor-image-box-description\">Bienvenidos a la Iglesia de Dios del S\u00e9ptimo D\u00eda en Albuquerque, Nuevo M\u00e9xico. Somos una iglesia biling\u00fce vibrante y en constante crecimiento, ubicada en el coraz\u00f3n de Albuquerque. Ofrecemos nuestros ministerios en ingl\u00e9s y espa\u00f1ol para garantizar una experiencia inclusiva para la creciente poblaci\u00f3n hispana de Albuquerque. Ya sea que prefieran comunicarse con nosotros en ingl\u00e9s o espa\u00f1ol, nuestro equipo biling\u00fce est\u00e1 aqu\u00ed para apoyarlos en cada paso del camino. Nos comprometemos a brindar un ministerio accesible y de alta calidad que satisfaga las necesidades de nuestra diversa comunidad. \u00a1Hablamos espa\u00f1ol!<\/p><\/div><\/div>\t\t\t\t<\/div>\n\t\t\t\t<\/div>\n\t\t\t\t<\/div>\n\t\t<div class=\"elementor-element elementor-element-cfd237f e-con-full elementor-hidden-tablet elementor-hidden-mobile e-flex e-con e-child\" data-id=\"cfd237f\" data-element_type=\"container\" data-e-type=\"container\">\n\t\t\t\t<div class=\"elementor-element elementor-element-a100be6 elementor-widget elementor-widget-image\" data-id=\"a100be6\" data-element_type=\"widget\" data-e-type=\"widget\" data-widget_type=\"image.default\">\n\t\t\t\t<div class=\"elementor-widget-container\">\n\t\t\t\t\t\t\t\t\t\t\t\t\t\t\t<img loading=\"lazy\" decoding=\"async\" width=\"1657\" height=\"846\" src=\"https:\/\/i0.wp.com\/cog7abq.org\/wp-content\/uploads\/2025\/05\/awefweggrg.jpg?fit=1657%2C846&amp;ssl=1\" class=\"attachment-full size-full wp-image-101\" alt=\"\" srcset=\"https:\/\/i0.wp.com\/cog7abq.org\/wp-content\/uploads\/2025\/05\/awefweggrg.jpg?w=1657&amp;ssl=1 1657w, https:\/\/i0.wp.com\/cog7abq.org\/wp-content\/uploads\/2025\/05\/awefweggrg.jpg?resize=300%2C153&amp;ssl=1 300w, https:\/\/i0.wp.com\/cog7abq.org\/wp-content\/uploads\/2025\/05\/awefweggrg.jpg?resize=1024%2C523&amp;ssl=1 1024w, https:\/\/i0.wp.com\/cog7abq.org\/wp-content\/uploads\/2025\/05\/awefweggrg.jpg?resize=768%2C392&amp;ssl=1 768w, https:\/\/i0.wp.com\/cog7abq.org\/wp-content\/uploads\/2025\/05\/awefweggrg.jpg?resize=1536%2C784&amp;ssl=1 1536w, https:\/\/i0.wp.com\/cog7abq.org\/wp-content\/uploads\/2025\/05\/awefweggrg.jpg?w=1600&amp;ssl=1 1600w\" sizes=\"auto, (max-width: 800px) 100vw, 800px\" \/>\t\t\t\t\t\t\t\t\t\t\t\t\t\t\t<\/div>\n\t\t\t\t<\/div>\n\t\t\t\t<\/div>\n\t\t\t\t\t<\/div>\n\t\t\t\t<\/div>\n\t\t<div class=\"elementor-element elementor-element-29b271f e-flex e-con-boxed e-con e-parent\" data-id=\"29b271f\" data-element_type=\"container\" data-e-type=\"container\">\n\t\t\t\t\t<div class=\"e-con-inner\">\n\t\t<div class=\"elementor-element elementor-element-439f64d e-con-full e-flex e-con e-child\" data-id=\"439f64d\" data-element_type=\"container\" data-e-type=\"container\">\n\t\t\t\t<div class=\"elementor-element elementor-element-39a706e elementor-widget-tablet__width-auto elementor-cta--layout-image-above elementor-widget__width-initial elementor-cta--skin-classic elementor-animated-content elementor-bg-transform elementor-bg-transform-zoom-in elementor-widget elementor-widget-call-to-action\" data-id=\"39a706e\" data-element_type=\"widget\" data-e-type=\"widget\" data-widget_type=\"call-to-action.default\">\n\t\t\t\t<div class=\"elementor-widget-container\">\n\t\t\t\t\t\t\t<a class=\"elementor-cta\" href=\"#\">\n\t\t\t\t\t<div class=\"elementor-cta__bg-wrapper\">\n\t\t\t\t<div class=\"elementor-cta__bg elementor-bg\" style=\"background-image: url(https:\/\/i0.wp.com\/cog7abq.org\/wp-content\/uploads\/2025\/05\/vbhdsfta.jpg?fit=768%2C369&#038;ssl=1);\" role=\"img\" aria-label=\"vbhdsfta\"><\/div>\n\t\t\t\t<div class=\"elementor-cta__bg-overlay\"><\/div>\n\t\t\t<\/div>\n\t\t\t\t\t\t\t<div class=\"elementor-cta__content\">\n\t\t\t\t\n\t\t\t\t\t\t\t\t\t<h2 class=\"elementor-cta__title elementor-cta__content-item elementor-content-item\">\n\t\t\t\t\t\tsoy nuevo\t\t\t\t\t<\/h2>\n\t\t\t\t\n\t\t\t\t\t\t\t\t\t<div class=\"elementor-cta__description elementor-cta__content-item elementor-content-item\">\n\t\t\t\t\t\t\u00a1Un placer conocerte! Conozc\u00e1monos. Haz clic aqu\u00ed para ver una breve introducci\u00f3n.\t\t\t\t\t<\/div>\n\t\t\t\t\n\t\t\t\t\t\t\t<\/div>\n\t\t\t\t\t\t<\/a>\n\t\t\t\t\t\t<\/div>\n\t\t\t\t<\/div>\n\t\t\t\t<div class=\"elementor-element elementor-element-26f5702 elementor-widget-tablet__width-auto elementor-cta--layout-image-above elementor-widget__width-initial elementor-cta--skin-classic elementor-animated-content elementor-bg-transform elementor-bg-transform-zoom-in elementor-widget elementor-widget-call-to-action\" data-id=\"26f5702\" data-element_type=\"widget\" data-e-type=\"widget\" data-widget_type=\"call-to-action.default\">\n\t\t\t\t<div class=\"elementor-widget-container\">\n\t\t\t\t\t\t\t<a class=\"elementor-cta\" href=\"https:\/\/cog7abq.org\/es\/calendar\/\">\n\t\t\t\t\t<div class=\"elementor-cta__bg-wrapper\">\n\t\t\t\t<div class=\"elementor-cta__bg elementor-bg\" style=\"background-image: url(https:\/\/i0.wp.com\/cog7abq.org\/wp-content\/uploads\/2025\/05\/sdfgaasd.jpg?fit=768%2C369&#038;ssl=1);\" role=\"img\" aria-label=\"sdfgaasd\"><\/div>\n\t\t\t\t<div class=\"elementor-cta__bg-overlay\"><\/div>\n\t\t\t<\/div>\n\t\t\t\t\t\t\t<div class=\"elementor-cta__content\">\n\t\t\t\t\n\t\t\t\t\t\t\t\t\t<h2 class=\"elementor-cta__title elementor-cta__content-item elementor-content-item\">\n\t\t\t\t\t\tNoticias\t\t\t\t\t<\/h2>\n\t\t\t\t\n\t\t\t\t\t\t\t\t\t<div class=\"elementor-cta__description elementor-cta__content-item elementor-content-item\">\n\t\t\t\t\t\tConsulte nuestra p\u00e1gina de Noticias para mantenerse al d\u00eda con los \u00faltimos eventos y art\u00edculos.\t\t\t\t\t<\/div>\n\t\t\t\t\n\t\t\t\t\t\t\t<\/div>\n\t\t\t\t\t\t<\/a>\n\t\t\t\t\t\t<\/div>\n\t\t\t\t<\/div>\n\t\t\t\t<div class=\"elementor-element elementor-element-e815cdf elementor-widget-tablet__width-auto elementor-cta--layout-image-above elementor-widget__width-initial elementor-cta--skin-classic elementor-animated-content elementor-bg-transform elementor-bg-transform-zoom-in elementor-widget elementor-widget-call-to-action\" data-id=\"e815cdf\" data-element_type=\"widget\" data-e-type=\"widget\" data-widget_type=\"call-to-action.default\">\n\t\t\t\t<div class=\"elementor-widget-container\">\n\t\t\t\t\t\t\t<a class=\"elementor-cta\" href=\"https:\/\/cog7abq.org\/es\/contact-us\/\">\n\t\t\t\t\t<div class=\"elementor-cta__bg-wrapper\">\n\t\t\t\t<div class=\"elementor-cta__bg elementor-bg\" style=\"background-image: url(https:\/\/i0.wp.com\/cog7abq.org\/wp-content\/uploads\/2025\/05\/pexels-ingo-35969.jpg?fit=640%2C427&#038;ssl=1);\" role=\"img\" aria-label=\"pexels-ingo-35969\"><\/div>\n\t\t\t\t<div class=\"elementor-cta__bg-overlay\"><\/div>\n\t\t\t<\/div>\n\t\t\t\t\t\t\t<div class=\"elementor-cta__content\">\n\t\t\t\t\n\t\t\t\t\t\t\t\t\t<h2 class=\"elementor-cta__title elementor-cta__content-item elementor-content-item\">\n\t\t\t\t\t\tInstrucciones\t\t\t\t\t<\/h2>\n\t\t\t\t\n\t\t\t\t\t\t\t\t\t<div class=\"elementor-cta__description elementor-cta__content-item elementor-content-item\">\n\t\t\t\t\t\t\u00danase a nosotros en persona para el servicio en nuestra iglesia ubicada en el coraz\u00f3n del centro de Albuquerque.\t\t\t\t\t<\/div>\n\t\t\t\t\n\t\t\t\t\t\t\t<\/div>\n\t\t\t\t\t\t<\/a>\n\t\t\t\t\t\t<\/div>\n\t\t\t\t<\/div>\n\t\t\t\t<\/div>\n\t\t\t\t\t<\/div>\n\t\t\t\t<\/div>\n\t\t\t\t<\/div>","protected":false},"excerpt":{"rendered":"<p>Albuquerque, Church of god Saturdays at 10:00 AM | Fridays at 7:30 PM Watch Live Directions Albuquerque, Church of god Watch Live Directions Who We Are Welcome to the Church of God Seventh Day located in Albuquerque, New Mexico. We are a vibrant and growing bilingual church located in the heart of downtown Albuquerque. Our [&hellip;]<\/p>\n","protected":false},"author":1,"featured_media":0,"parent":0,"menu_order":0,"comment_status":"closed","ping_status":"closed","template":"elementor_header_footer","meta":{"nf_dc_page":"","om_disable_all_campaigns":false,"_monsterinsights_skip_tracking":false,"_monsterinsights_sitenote_active":false,"_monsterinsights_sitenote_note":"","_monsterinsights_sitenote_category":0,"footnotes":""},"class_list":["post-10","page","type-page","status-publish","hentry"],"yoast_head":"<!-- This site is optimized with the Yoast SEO plugin v27.5 - https:\/\/yoast.com\/product\/yoast-seo-wordpress\/ -->\n<title>Church of God Seventh Day, Albuquerque, New Mexico - Church of God Seventh Day Albuquerque<\/title>\n<meta name=\"robots\" content=\"index, follow, max-snippet:-1, max-image-preview:large, max-video-preview:-1\" \/>\n<link rel=\"canonical\" href=\"https:\/\/cog7abq.org\/es\/\" \/>\n<meta property=\"og:locale\" content=\"es_MX\" \/>\n<meta property=\"og:type\" content=\"article\" \/>\n<meta property=\"og:title\" content=\"Church of God Seventh Day, Albuquerque, New Mexico - Church of God Seventh Day Albuquerque\" \/>\n<meta property=\"og:description\" content=\"Albuquerque, Church of god Saturdays at 10:00 AM | Fridays at 7:30 PM Watch Live Directions Albuquerque, Church of god Watch Live Directions Who We Are Welcome to the Church of God Seventh Day located in Albuquerque, New Mexico. We are a vibrant and growing bilingual church located in the heart of downtown Albuquerque. Our [&hellip;]\" \/>\n<meta property=\"og:url\" content=\"https:\/\/cog7abq.org\/es\/\" \/>\n<meta property=\"og:site_name\" content=\"Church of God Seventh Day Albuquerque\" \/>\n<meta property=\"article:modified_time\" content=\"2026-05-07T02:30:10+00:00\" \/>\n<meta property=\"og:image\" content=\"https:\/\/cog7abq.org\/wp-content\/uploads\/2025\/05\/awefweggrg.jpg\" \/>\n<meta name=\"twitter:card\" content=\"summary_large_image\" \/>\n<meta name=\"twitter:label1\" content=\"Tiempo de lectura\" \/>\n\t<meta name=\"twitter:data1\" content=\"1 minuto\" \/>\n<script type=\"application\/ld+json\" class=\"yoast-schema-graph\">{\"@context\":\"https:\\\/\\\/schema.org\",\"@graph\":[{\"@type\":\"WebPage\",\"@id\":\"https:\\\/\\\/cog7abq.org\\\/\",\"url\":\"https:\\\/\\\/cog7abq.org\\\/\",\"name\":\"Church of God Seventh Day, Albuquerque, New Mexico - Church of God Seventh Day Albuquerque\",\"isPartOf\":{\"@id\":\"https:\\\/\\\/lfr.xem.mybluehost.me\\\/website_dbca461f\\\/#website\"},\"primaryImageOfPage\":{\"@id\":\"https:\\\/\\\/cog7abq.org\\\/#primaryimage\"},\"image\":{\"@id\":\"https:\\\/\\\/cog7abq.org\\\/#primaryimage\"},\"thumbnailUrl\":\"https:\\\/\\\/cog7abq.org\\\/wp-content\\\/uploads\\\/2025\\\/05\\\/awefweggrg.jpg\",\"datePublished\":\"2025-05-23T00:03:09+00:00\",\"dateModified\":\"2026-05-07T02:30:10+00:00\",\"breadcrumb\":{\"@id\":\"https:\\\/\\\/cog7abq.org\\\/#breadcrumb\"},\"inLanguage\":\"es\",\"potentialAction\":[{\"@type\":\"ReadAction\",\"target\":[\"https:\\\/\\\/cog7abq.org\\\/\"]}]},{\"@type\":\"ImageObject\",\"inLanguage\":\"es\",\"@id\":\"https:\\\/\\\/cog7abq.org\\\/#primaryimage\",\"url\":\"https:\\\/\\\/cog7abq.org\\\/wp-content\\\/uploads\\\/2025\\\/05\\\/awefweggrg.jpg\",\"contentUrl\":\"https:\\\/\\\/cog7abq.org\\\/wp-content\\\/uploads\\\/2025\\\/05\\\/awefweggrg.jpg\"},{\"@type\":\"BreadcrumbList\",\"@id\":\"https:\\\/\\\/cog7abq.org\\\/#breadcrumb\",\"itemListElement\":[{\"@type\":\"ListItem\",\"position\":1,\"name\":\"Home\",\"item\":\"https:\\\/\\\/cog7abq.org\\\/\"},{\"@type\":\"ListItem\",\"position\":2,\"name\":\"Church of God Seventh Day, Albuquerque, New Mexico\"}]},{\"@type\":\"WebSite\",\"@id\":\"https:\\\/\\\/lfr.xem.mybluehost.me\\\/website_dbca461f\\\/#website\",\"url\":\"https:\\\/\\\/lfr.xem.mybluehost.me\\\/website_dbca461f\\\/\",\"name\":\"Church of God Seventh Day Albuquerque\",\"description\":\"\",\"potentialAction\":[{\"@type\":\"SearchAction\",\"target\":{\"@type\":\"EntryPoint\",\"urlTemplate\":\"https:\\\/\\\/lfr.xem.mybluehost.me\\\/website_dbca461f\\\/?s={search_term_string}\"},\"query-input\":{\"@type\":\"PropertyValueSpecification\",\"valueRequired\":true,\"valueName\":\"search_term_string\"}}],\"inLanguage\":\"es\"}]}<\/script>\n<!-- \/ Yoast SEO plugin. -->","yoast_head_json":{"title":"Church of God Seventh Day, Albuquerque, New Mexico - Church of God Seventh Day Albuquerque","robots":{"index":"index","follow":"follow","max-snippet":"max-snippet:-1","max-image-preview":"max-image-preview:large","max-video-preview":"max-video-preview:-1"},"canonical":"https:\/\/cog7abq.org\/es\/","og_locale":"es_MX","og_type":"article","og_title":"Church of God Seventh Day, Albuquerque, New Mexico - Church of God Seventh Day Albuquerque","og_description":"Albuquerque, Church of god Saturdays at 10:00 AM | Fridays at 7:30 PM Watch Live Directions Albuquerque, Church of god Watch Live Directions Who We Are Welcome to the Church of God Seventh Day located in Albuquerque, New Mexico. We are a vibrant and growing bilingual church located in the heart of downtown Albuquerque. Our [&hellip;]","og_url":"https:\/\/cog7abq.org\/es\/","og_site_name":"Church of God Seventh Day Albuquerque","article_modified_time":"2026-05-07T02:30:10+00:00","og_image":[{"url":"https:\/\/cog7abq.org\/wp-content\/uploads\/2025\/05\/awefweggrg.jpg","type":"","width":"","height":""}],"twitter_card":"summary_large_image","twitter_misc":{"Tiempo de lectura":"1 minuto"},"schema":{"@context":"https:\/\/schema.org","@graph":[{"@type":"WebPage","@id":"https:\/\/cog7abq.org\/","url":"https:\/\/cog7abq.org\/","name":"Church of God Seventh Day, Albuquerque, New Mexico - Church of God Seventh Day Albuquerque","isPartOf":{"@id":"https:\/\/lfr.xem.mybluehost.me\/website_dbca461f\/#website"},"primaryImageOfPage":{"@id":"https:\/\/cog7abq.org\/#primaryimage"},"image":{"@id":"https:\/\/cog7abq.org\/#primaryimage"},"thumbnailUrl":"https:\/\/cog7abq.org\/wp-content\/uploads\/2025\/05\/awefweggrg.jpg","datePublished":"2025-05-23T00:03:09+00:00","dateModified":"2026-05-07T02:30:10+00:00","breadcrumb":{"@id":"https:\/\/cog7abq.org\/#breadcrumb"},"inLanguage":"es","potentialAction":[{"@type":"ReadAction","target":["https:\/\/cog7abq.org\/"]}]},{"@type":"ImageObject","inLanguage":"es","@id":"https:\/\/cog7abq.org\/#primaryimage","url":"https:\/\/cog7abq.org\/wp-content\/uploads\/2025\/05\/awefweggrg.jpg","contentUrl":"https:\/\/cog7abq.org\/wp-content\/uploads\/2025\/05\/awefweggrg.jpg"},{"@type":"BreadcrumbList","@id":"https:\/\/cog7abq.org\/#breadcrumb","itemListElement":[{"@type":"ListItem","position":1,"name":"Home","item":"https:\/\/cog7abq.org\/"},{"@type":"ListItem","position":2,"name":"Church of God Seventh Day, Albuquerque, New Mexico"}]},{"@type":"WebSite","@id":"https:\/\/lfr.xem.mybluehost.me\/website_dbca461f\/#website","url":"https:\/\/lfr.xem.mybluehost.me\/website_dbca461f\/","name":"Church of God Seventh Day Albuquerque","description":"","potentialAction":[{"@type":"SearchAction","target":{"@type":"EntryPoint","urlTemplate":"https:\/\/lfr.xem.mybluehost.me\/website_dbca461f\/?s={search_term_string}"},"query-input":{"@type":"PropertyValueSpecification","valueRequired":true,"valueName":"search_term_string"}}],"inLanguage":"es"}]}},"jetpack_sharing_enabled":true,"_links":{"self":[{"href":"https:\/\/cog7abq.org\/es\/wp-json\/wp\/v2\/pages\/10","targetHints":{"allow":["GET"]}}],"collection":[{"href":"https:\/\/cog7abq.org\/es\/wp-json\/wp\/v2\/pages"}],"about":[{"href":"https:\/\/cog7abq.org\/es\/wp-json\/wp\/v2\/types\/page"}],"author":[{"embeddable":true,"href":"https:\/\/cog7abq.org\/es\/wp-json\/wp\/v2\/users\/1"}],"replies":[{"embeddable":true,"href":"https:\/\/cog7abq.org\/es\/wp-json\/wp\/v2\/comments?post=10"}],"version-history":[{"count":20,"href":"https:\/\/cog7abq.org\/es\/wp-json\/wp\/v2\/pages\/10\/revisions"}],"predecessor-version":[{"id":679,"href":"https:\/\/cog7abq.org\/es\/wp-json\/wp\/v2\/pages\/10\/revisions\/679"}],"wp:attachment":[{"href":"https:\/\/cog7abq.org\/es\/wp-json\/wp\/v2\/media?parent=10"}],"curies":[{"name":"wp","href":"https:\/\/api.w.org\/{rel}","templated":true}]}}